{"id":2915,"date":"2022-12-19T00:10:54","date_gmt":"2022-12-19T08:10:54","guid":{"rendered":"https:\/\/www.zeapon.com\/?page_id=2915"},"modified":"2023-11-09T18:19:30","modified_gmt":"2023-11-10T02:19:30","slug":"app-guidance","status":"publish","type":"page","link":"https:\/\/www.zeapon.com\/zh\/app-guidance\/","title":{"rendered":"App \u6307\u5f15"},"content":{"rendered":"<div data-elementor-type=\"wp-page\" data-elementor-id=\"2915\" class=\"elementor elementor-2915\" data-elementor-post-type=\"page\">\n\t\t\t\t<div class=\"elementor-element elementor-element-acb7bfb e-flex e-con-boxed e-con e-parent\" data-id=\"acb7bfb\" data-element_type=\"container\" data-settings=\"{&quot;background_background&quot;:&quot;classic&quot;}\">\n\t\t\t\t\t<div class=\"e-con-inner\">\n\t\t\t\t<div class=\"elementor-element elementor-element-a707d94 elementor-widget elementor-widget-shortcode\" data-id=\"a707d94\" data-element_type=\"widget\" data-widget_type=\"shortcode.default\">\n\t\t\t\t<div class=\"elementor-widget-container\">\n\t\t\t\t\t\t\t<div class=\"elementor-shortcode\"><\/div>\n\t\t\t\t\t\t<\/div>\n\t\t\t\t<\/div>\n\t\t\t\t<div class=\"elementor-element elementor-element-d23a4fb elementor-widget elementor-widget-heading\" data-id=\"d23a4fb\" data-element_type=\"widget\" data-widget_type=\"heading.default\">\n\t\t\t\t<div class=\"elementor-widget-container\">\n\t\t\t\t\t<h2 class=\"elementor-heading-title elementor-size-default\">App \u6307\u5f15<\/h2>\t\t\t\t<\/div>\n\t\t\t\t<\/div>\n\t\t\t\t\t<\/div>\n\t\t\t\t<\/div>\n\t\t<div class=\"elementor-element elementor-element-ae5da53 e-flex e-con-boxed e-con e-parent\" data-id=\"ae5da53\" data-element_type=\"container\" data-settings=\"{&quot;background_background&quot;:&quot;classic&quot;}\">\n\t\t\t\t\t<div class=\"e-con-inner\">\n\t\t<div class=\"elementor-element elementor-element-aecee9c e-flex e-con-boxed e-con e-child\" data-id=\"aecee9c\" data-element_type=\"container\">\n\t\t\t\t\t<div class=\"e-con-inner\">\n\t\t<div class=\"elementor-element elementor-element-6dda996 e-flex e-con-boxed e-con e-child\" data-id=\"6dda996\" data-element_type=\"container\" data-settings=\"{&quot;background_background&quot;:&quot;classic&quot;}\">\n\t\t\t\t\t<div class=\"e-con-inner\">\n\t\t<div class=\"elementor-element elementor-element-5912813 e-con-full e-flex e-con e-child\" data-id=\"5912813\" data-element_type=\"container\">\n\t\t<div class=\"elementor-element elementor-element-ed266db e-con-full e-flex e-con e-child\" data-id=\"ed266db\" data-element_type=\"container\">\n\t\t\t\t<div class=\"elementor-element elementor-element-297aed3 elementor-widget__width-initial elementor-widget elementor-widget-heading\" data-id=\"297aed3\" data-element_type=\"widget\" data-widget_type=\"heading.default\">\n\t\t\t\t<div class=\"elementor-widget-container\">\n\t\t\t\t\t<h2 class=\"elementor-heading-title elementor-size-default\">App Guidance - EN<\/h2>\t\t\t\t<\/div>\n\t\t\t\t<\/div>\n\t\t\t\t<\/div>\n\t\t\t\t<\/div>\n\t\t<div class=\"elementor-element elementor-element-ec40a05 e-con-full e-flex e-con e-child\" data-id=\"ec40a05\" data-element_type=\"container\">\n\t\t\t\t<div class=\"elementor-element elementor-element-0293918 elementor-widget__width-initial elementor-widget elementor-widget-button\" data-id=\"0293918\" data-element_type=\"widget\" data-widget_type=\"button.default\">\n\t\t\t\t<div class=\"elementor-widget-container\">\n\t\t\t\t\t\t\t\t\t<div class=\"elementor-button-wrapper\">\n\t\t\t\t\t<a class=\"elementor-button elementor-button-link elementor-size-md\" href=\"https:\/\/drive.google.com\/file\/d\/1rSYB3SrTk-SfWp-0e5uCZtrJfNpJkT8Q\/view?usp=share_link\">\n\t\t\t\t\t\t<span class=\"elementor-button-content-wrapper\">\n\t\t\t\t\t\t<span class=\"elementor-button-icon\">\n\t\t\t\t<i aria-hidden=\"true\" class=\"icon icon-internet\"><\/i>\t\t\t<\/span>\n\t\t\t\t\t\t\t\t\t<span class=\"elementor-button-text\">\u4e0b\u8f7d<\/span>\n\t\t\t\t\t<\/span>\n\t\t\t\t\t<\/a>\n\t\t\t\t<\/div>\n\t\t\t\t\t\t\t\t<\/div>\n\t\t\t\t<\/div>\n\t\t\t\t<\/div>\n\t\t\t\t\t<\/div>\n\t\t\t\t<\/div>\n\t\t<div class=\"elementor-element elementor-element-3fcb65a e-flex e-con-boxed e-con e-child\" data-id=\"3fcb65a\" data-element_type=\"container\" data-settings=\"{&quot;background_background&quot;:&quot;classic&quot;}\">\n\t\t\t\t\t<div class=\"e-con-inner\">\n\t\t<div class=\"elementor-element elementor-element-574b78d e-con-full e-flex e-con e-child\" data-id=\"574b78d\" data-element_type=\"container\">\n\t\t<div class=\"elementor-element elementor-element-a940bf8 e-con-full e-flex e-con e-child\" data-id=\"a940bf8\" data-element_type=\"container\">\n\t\t\t\t<div class=\"elementor-element elementor-element-422c357 elementor-widget__width-initial elementor-widget elementor-widget-heading\" data-id=\"422c357\" data-element_type=\"widget\" data-widget_type=\"heading.default\">\n\t\t\t\t<div class=\"elementor-widget-container\">\n\t\t\t\t\t<h2 class=\"elementor-heading-title elementor-size-default\">App\u65b0\u624b\u6307\u5f15 (\u7b80)<\/h2>\t\t\t\t<\/div>\n\t\t\t\t<\/div>\n\t\t\t\t<\/div>\n\t\t\t\t<\/div>\n\t\t<div class=\"elementor-element elementor-element-653d751 e-con-full e-flex e-con e-child\" data-id=\"653d751\" data-element_type=\"container\">\n\t\t\t\t<div class=\"elementor-element elementor-element-8df5475 elementor-widget__width-initial elementor-widget elementor-widget-button\" data-id=\"8df5475\" data-element_type=\"widget\" data-widget_type=\"button.default\">\n\t\t\t\t<div class=\"elementor-widget-container\">\n\t\t\t\t\t\t\t\t\t<div class=\"elementor-button-wrapper\">\n\t\t\t\t\t<a class=\"elementor-button elementor-button-link elementor-size-md\" href=\"https:\/\/www.aliyundrive.com\/s\/McyodB1iR75\">\n\t\t\t\t\t\t<span class=\"elementor-button-content-wrapper\">\n\t\t\t\t\t\t<span class=\"elementor-button-icon\">\n\t\t\t\t<i aria-hidden=\"true\" class=\"icon icon-internet\"><\/i>\t\t\t<\/span>\n\t\t\t\t\t\t\t\t\t<span class=\"elementor-button-text\">\u4e0b\u8f7d<\/span>\n\t\t\t\t\t<\/span>\n\t\t\t\t\t<\/a>\n\t\t\t\t<\/div>\n\t\t\t\t\t\t\t\t<\/div>\n\t\t\t\t<\/div>\n\t\t\t\t<\/div>\n\t\t\t\t\t<\/div>\n\t\t\t\t<\/div>\n\t\t<div class=\"elementor-element elementor-element-2c8eb38 e-flex e-con-boxed e-con e-child\" data-id=\"2c8eb38\" data-element_type=\"container\" data-settings=\"{&quot;background_background&quot;:&quot;classic&quot;}\">\n\t\t\t\t\t<div class=\"e-con-inner\">\n\t\t<div class=\"elementor-element elementor-element-499f09d e-con-full e-flex e-con e-child\" data-id=\"499f09d\" data-element_type=\"container\">\n\t\t<div class=\"elementor-element elementor-element-fb7e013 e-con-full e-flex e-con e-child\" data-id=\"fb7e013\" data-element_type=\"container\">\n\t\t\t\t<div class=\"elementor-element elementor-element-3e1d9d1 elementor-widget__width-initial elementor-widget elementor-widget-heading\" data-id=\"3e1d9d1\" data-element_type=\"widget\" data-widget_type=\"heading.default\">\n\t\t\t\t<div class=\"elementor-widget-container\">\n\t\t\t\t\t<h2 class=\"elementor-heading-title elementor-size-default\">App\u65b0\u624b\u6307\u5c0e (\u7e41)<\/h2>\t\t\t\t<\/div>\n\t\t\t\t<\/div>\n\t\t\t\t<\/div>\n\t\t\t\t<\/div>\n\t\t<div class=\"elementor-element elementor-element-90576ea e-con-full e-flex e-con e-child\" data-id=\"90576ea\" data-element_type=\"container\">\n\t\t\t\t<div class=\"elementor-element elementor-element-02b7795 elementor-widget__width-initial elementor-widget elementor-widget-button\" data-id=\"02b7795\" data-element_type=\"widget\" data-widget_type=\"button.default\">\n\t\t\t\t<div class=\"elementor-widget-container\">\n\t\t\t\t\t\t\t\t\t<div class=\"elementor-button-wrapper\">\n\t\t\t\t\t<a class=\"elementor-button elementor-button-link elementor-size-md\" href=\"https:\/\/drive.google.com\/file\/d\/13peHkKSVhMk5JvkLzyzLVnR2q6_Fixto\/view?usp=share_link\">\n\t\t\t\t\t\t<span class=\"elementor-button-content-wrapper\">\n\t\t\t\t\t\t<span class=\"elementor-button-icon\">\n\t\t\t\t<i aria-hidden=\"true\" class=\"icon icon-internet\"><\/i>\t\t\t<\/span>\n\t\t\t\t\t\t\t\t\t<span class=\"elementor-button-text\">\u4e0b\u8f7d<\/span>\n\t\t\t\t\t<\/span>\n\t\t\t\t\t<\/a>\n\t\t\t\t<\/div>\n\t\t\t\t\t\t\t\t<\/div>\n\t\t\t\t<\/div>\n\t\t\t\t<\/div>\n\t\t\t\t\t<\/div>\n\t\t\t\t<\/div>\n\t\t<div class=\"elementor-element elementor-element-c9fadcb e-flex e-con-boxed e-con e-child\" data-id=\"c9fadcb\" data-element_type=\"container\" data-settings=\"{&quot;background_background&quot;:&quot;classic&quot;}\">\n\t\t\t\t\t<div class=\"e-con-inner\">\n\t\t<div class=\"elementor-element elementor-element-b884dae e-con-full e-flex e-con e-child\" data-id=\"b884dae\" data-element_type=\"container\">\n\t\t<div class=\"elementor-element elementor-element-f894cd1 e-con-full e-flex e-con e-child\" data-id=\"f894cd1\" data-element_type=\"container\">\n\t\t\t\t<div class=\"elementor-element elementor-element-98f6b7b elementor-widget__width-initial elementor-widget elementor-widget-heading\" data-id=\"98f6b7b\" data-element_type=\"widget\" data-widget_type=\"heading.default\">\n\t\t\t\t<div class=\"elementor-widget-container\">\n\t\t\t\t\t<h2 class=\"elementor-heading-title elementor-size-default\">App Guidage - FR<\/h2>\t\t\t\t<\/div>\n\t\t\t\t<\/div>\n\t\t\t\t<\/div>\n\t\t\t\t<\/div>\n\t\t<div class=\"elementor-element elementor-element-3180c2a e-con-full e-flex e-con e-child\" data-id=\"3180c2a\" data-element_type=\"container\">\n\t\t\t\t<div class=\"elementor-element elementor-element-cc50d8c elementor-widget__width-initial elementor-widget elementor-widget-button\" data-id=\"cc50d8c\" data-element_type=\"widget\" data-widget_type=\"button.default\">\n\t\t\t\t<div class=\"elementor-widget-container\">\n\t\t\t\t\t\t\t\t\t<div class=\"elementor-button-wrapper\">\n\t\t\t\t\t<a class=\"elementor-button elementor-button-link elementor-size-md\" href=\"https:\/\/drive.google.com\/drive\/folders\/1wOAP4ayiE2j5_SAgyLaeK9X1hJeJXmao?usp=sharing\">\n\t\t\t\t\t\t<span class=\"elementor-button-content-wrapper\">\n\t\t\t\t\t\t<span class=\"elementor-button-icon\">\n\t\t\t\t<i aria-hidden=\"true\" class=\"icon icon-internet\"><\/i>\t\t\t<\/span>\n\t\t\t\t\t\t\t\t\t<span class=\"elementor-button-text\">\u4e0b\u8f7d<\/span>\n\t\t\t\t\t<\/span>\n\t\t\t\t\t<\/a>\n\t\t\t\t<\/div>\n\t\t\t\t\t\t\t\t<\/div>\n\t\t\t\t<\/div>\n\t\t\t\t<\/div>\n\t\t\t\t\t<\/div>\n\t\t\t\t<\/div>\n\t\t<div class=\"elementor-element elementor-element-c10a627 e-flex e-con-boxed e-con e-child\" data-id=\"c10a627\" data-element_type=\"container\" data-settings=\"{&quot;background_background&quot;:&quot;classic&quot;}\">\n\t\t\t\t\t<div class=\"e-con-inner\">\n\t\t<div class=\"elementor-element elementor-element-330a847 e-con-full e-flex e-con e-child\" data-id=\"330a847\" data-element_type=\"container\">\n\t\t<div class=\"elementor-element elementor-element-4e82f37 e-con-full e-flex e-con e-child\" data-id=\"4e82f37\" data-element_type=\"container\">\n\t\t\t\t<div class=\"elementor-element elementor-element-f67bb71 elementor-widget__width-initial elementor-widget elementor-widget-heading\" data-id=\"f67bb71\" data-element_type=\"widget\" data-widget_type=\"heading.default\">\n\t\t\t\t<div class=\"elementor-widget-container\">\n\t\t\t\t\t<h2 class=\"elementor-heading-title elementor-size-default\">App Orientierungshilfe - DE<\/h2>\t\t\t\t<\/div>\n\t\t\t\t<\/div>\n\t\t\t\t<\/div>\n\t\t\t\t<\/div>\n\t\t<div class=\"elementor-element elementor-element-7ae9378 e-con-full e-flex e-con e-child\" data-id=\"7ae9378\" data-element_type=\"container\">\n\t\t\t\t<div class=\"elementor-element elementor-element-a205405 elementor-widget__width-initial elementor-widget elementor-widget-button\" data-id=\"a205405\" data-element_type=\"widget\" data-widget_type=\"button.default\">\n\t\t\t\t<div class=\"elementor-widget-container\">\n\t\t\t\t\t\t\t\t\t<div class=\"elementor-button-wrapper\">\n\t\t\t\t\t<a class=\"elementor-button elementor-button-link elementor-size-md\" href=\"https:\/\/drive.google.com\/file\/d\/1utkgpwLM9fcWNUQwkjvqFrO7v067GAJN\/view?usp=share_link\">\n\t\t\t\t\t\t<span class=\"elementor-button-content-wrapper\">\n\t\t\t\t\t\t<span class=\"elementor-button-icon\">\n\t\t\t\t<i aria-hidden=\"true\" class=\"icon icon-internet\"><\/i>\t\t\t<\/span>\n\t\t\t\t\t\t\t\t\t<span class=\"elementor-button-text\">\u4e0b\u8f7d<\/span>\n\t\t\t\t\t<\/span>\n\t\t\t\t\t<\/a>\n\t\t\t\t<\/div>\n\t\t\t\t\t\t\t\t<\/div>\n\t\t\t\t<\/div>\n\t\t\t\t<\/div>\n\t\t\t\t\t<\/div>\n\t\t\t\t<\/div>\n\t\t<div class=\"elementor-element elementor-element-77f73b5 e-flex e-con-boxed e-con e-child\" data-id=\"77f73b5\" data-element_type=\"container\" data-settings=\"{&quot;background_background&quot;:&quot;classic&quot;}\">\n\t\t\t\t\t<div class=\"e-con-inner\">\n\t\t<div class=\"elementor-element elementor-element-4e2b693 e-con-full e-flex e-con e-child\" data-id=\"4e2b693\" data-element_type=\"container\">\n\t\t<div class=\"elementor-element elementor-element-61625eb e-con-full e-flex e-con e-child\" data-id=\"61625eb\" data-element_type=\"container\">\n\t\t\t\t<div class=\"elementor-element elementor-element-e3134d9 elementor-widget__width-initial elementor-widget elementor-widget-heading\" data-id=\"e3134d9\" data-element_type=\"widget\" data-widget_type=\"heading.default\">\n\t\t\t\t<div class=\"elementor-widget-container\">\n\t\t\t\t\t<h2 class=\"elementor-heading-title elementor-size-default\">App Gu\u00eda - ES<\/h2>\t\t\t\t<\/div>\n\t\t\t\t<\/div>\n\t\t\t\t<\/div>\n\t\t\t\t<\/div>\n\t\t<div class=\"elementor-element elementor-element-b87ccc7 e-con-full e-flex e-con e-child\" data-id=\"b87ccc7\" data-element_type=\"container\">\n\t\t\t\t<div class=\"elementor-element elementor-element-f5c6db5 elementor-widget__width-initial elementor-widget elementor-widget-button\" data-id=\"f5c6db5\" data-element_type=\"widget\" data-widget_type=\"button.default\">\n\t\t\t\t<div class=\"elementor-widget-container\">\n\t\t\t\t\t\t\t\t\t<div class=\"elementor-button-wrapper\">\n\t\t\t\t\t<a class=\"elementor-button elementor-button-link elementor-size-md\" href=\"https:\/\/www.zeapon.com\/wp-content\/uploads\/2022\/12\/ZeaponFirmwareforMac.zip\">\n\t\t\t\t\t\t<span class=\"elementor-button-content-wrapper\">\n\t\t\t\t\t\t<span class=\"elementor-button-icon\">\n\t\t\t\t<i aria-hidden=\"true\" class=\"icon icon-internet\"><\/i>\t\t\t<\/span>\n\t\t\t\t\t\t\t\t\t<span class=\"elementor-button-text\">\u4e0b\u8f7d<\/span>\n\t\t\t\t\t<\/span>\n\t\t\t\t\t<\/a>\n\t\t\t\t<\/div>\n\t\t\t\t\t\t\t\t<\/div>\n\t\t\t\t<\/div>\n\t\t\t\t<\/div>\n\t\t\t\t\t<\/div>\n\t\t\t\t<\/div>\n\t\t<div class=\"elementor-element elementor-element-822a719 e-flex e-con-boxed e-con e-child\" data-id=\"822a719\" data-element_type=\"container\" data-settings=\"{&quot;background_background&quot;:&quot;classic&quot;}\">\n\t\t\t\t\t<div class=\"e-con-inner\">\n\t\t<div class=\"elementor-element elementor-element-cd53ad7 e-con-full e-flex e-con e-child\" data-id=\"cd53ad7\" data-element_type=\"container\">\n\t\t<div class=\"elementor-element elementor-element-8fc6eb8 e-con-full e-flex e-con e-child\" data-id=\"8fc6eb8\" data-element_type=\"container\">\n\t\t\t\t<div class=\"elementor-element elementor-element-dec5f13 elementor-widget__width-initial elementor-widget elementor-widget-heading\" data-id=\"dec5f13\" data-element_type=\"widget\" data-widget_type=\"heading.default\">\n\t\t\t\t<div class=\"elementor-widget-container\">\n\t\t\t\t\t<h2 class=\"elementor-heading-title elementor-size-default\">App Orienta\u00e7\u00e3o - PT<\/h2>\t\t\t\t<\/div>\n\t\t\t\t<\/div>\n\t\t\t\t<\/div>\n\t\t\t\t<\/div>\n\t\t<div class=\"elementor-element elementor-element-9b29099 e-con-full e-flex e-con e-child\" data-id=\"9b29099\" data-element_type=\"container\">\n\t\t\t\t<div class=\"elementor-element elementor-element-f7e4496 elementor-widget__width-initial elementor-widget elementor-widget-button\" data-id=\"f7e4496\" data-element_type=\"widget\" data-widget_type=\"button.default\">\n\t\t\t\t<div class=\"elementor-widget-container\">\n\t\t\t\t\t\t\t\t\t<div class=\"elementor-button-wrapper\">\n\t\t\t\t\t<a class=\"elementor-button elementor-button-link elementor-size-md\" href=\"https:\/\/drive.google.com\/file\/d\/12A3DWWYIWwpyw4YpJ2RrEnJaMxwIm2_n\/view?usp=share_link\">\n\t\t\t\t\t\t<span class=\"elementor-button-content-wrapper\">\n\t\t\t\t\t\t<span class=\"elementor-button-icon\">\n\t\t\t\t<i aria-hidden=\"true\" class=\"icon icon-internet\"><\/i>\t\t\t<\/span>\n\t\t\t\t\t\t\t\t\t<span class=\"elementor-button-text\">\u4e0b\u8f7d<\/span>\n\t\t\t\t\t<\/span>\n\t\t\t\t\t<\/a>\n\t\t\t\t<\/div>\n\t\t\t\t\t\t\t\t<\/div>\n\t\t\t\t<\/div>\n\t\t\t\t<\/div>\n\t\t\t\t\t<\/div>\n\t\t\t\t<\/div>\n\t\t<div class=\"elementor-element elementor-element-8e1d3dc e-flex e-con-boxed e-con e-child\" data-id=\"8e1d3dc\" data-element_type=\"container\" data-settings=\"{&quot;background_background&quot;:&quot;classic&quot;}\">\n\t\t\t\t\t<div class=\"e-con-inner\">\n\t\t<div class=\"elementor-element elementor-element-73c0681 e-con-full e-flex e-con e-child\" data-id=\"73c0681\" data-element_type=\"container\">\n\t\t<div class=\"elementor-element elementor-element-198985c e-con-full e-flex e-con e-child\" data-id=\"198985c\" data-element_type=\"container\">\n\t\t\t\t<div class=\"elementor-element elementor-element-c3b6d95 elementor-widget__width-initial elementor-widget elementor-widget-heading\" data-id=\"c3b6d95\" data-element_type=\"widget\" data-widget_type=\"heading.default\">\n\t\t\t\t<div class=\"elementor-widget-container\">\n\t\t\t\t\t<h2 class=\"elementor-heading-title elementor-size-default\">App \u30ac\u30a4\u30c0\u30f3\u30b9 - JP<\/h2>\t\t\t\t<\/div>\n\t\t\t\t<\/div>\n\t\t\t\t<\/div>\n\t\t\t\t<\/div>\n\t\t<div class=\"elementor-element elementor-element-b20d28d e-con-full e-flex e-con e-child\" data-id=\"b20d28d\" data-element_type=\"container\">\n\t\t\t\t<div class=\"elementor-element elementor-element-7e8da81 elementor-widget__width-initial elementor-widget elementor-widget-button\" data-id=\"7e8da81\" data-element_type=\"widget\" data-widget_type=\"button.default\">\n\t\t\t\t<div class=\"elementor-widget-container\">\n\t\t\t\t\t\t\t\t\t<div class=\"elementor-button-wrapper\">\n\t\t\t\t\t<a class=\"elementor-button elementor-button-link elementor-size-md\" href=\"https:\/\/drive.google.com\/file\/d\/1ON7xcykLqAL1rjbHB53VqnHdNE_TnUyD\/view?usp=share_link\">\n\t\t\t\t\t\t<span class=\"elementor-button-content-wrapper\">\n\t\t\t\t\t\t<span class=\"elementor-button-icon\">\n\t\t\t\t<i aria-hidden=\"true\" class=\"icon icon-internet\"><\/i>\t\t\t<\/span>\n\t\t\t\t\t\t\t\t\t<span class=\"elementor-button-text\">\u4e0b\u8f7d<\/span>\n\t\t\t\t\t<\/span>\n\t\t\t\t\t<\/a>\n\t\t\t\t<\/div>\n\t\t\t\t\t\t\t\t<\/div>\n\t\t\t\t<\/div>\n\t\t\t\t<\/div>\n\t\t\t\t\t<\/div>\n\t\t\t\t<\/div>\n\t\t<div class=\"elementor-element elementor-element-a62de4b e-flex e-con-boxed e-con e-child\" data-id=\"a62de4b\" data-element_type=\"container\" data-settings=\"{&quot;background_background&quot;:&quot;classic&quot;}\">\n\t\t\t\t\t<div class=\"e-con-inner\">\n\t\t<div class=\"elementor-element elementor-element-ea8e56d e-con-full e-flex e-con e-child\" data-id=\"ea8e56d\" data-element_type=\"container\">\n\t\t<div class=\"elementor-element elementor-element-5ca4c62 e-con-full e-flex e-con e-child\" data-id=\"5ca4c62\" data-element_type=\"container\">\n\t\t\t\t<div class=\"elementor-element elementor-element-19dd535 elementor-widget__width-initial elementor-widget elementor-widget-heading\" data-id=\"19dd535\" data-element_type=\"widget\" data-widget_type=\"heading.default\">\n\t\t\t\t<div class=\"elementor-widget-container\">\n\t\t\t\t\t<h2 class=\"elementor-heading-title elementor-size-default\">App \uc548\ub0b4 - KR<\/h2>\t\t\t\t<\/div>\n\t\t\t\t<\/div>\n\t\t\t\t<\/div>\n\t\t\t\t<\/div>\n\t\t<div class=\"elementor-element elementor-element-7a30267 e-con-full e-flex e-con e-child\" data-id=\"7a30267\" data-element_type=\"container\">\n\t\t\t\t<div class=\"elementor-element elementor-element-c2923b4 elementor-widget__width-initial elementor-widget elementor-widget-button\" data-id=\"c2923b4\" data-element_type=\"widget\" data-widget_type=\"button.default\">\n\t\t\t\t<div class=\"elementor-widget-container\">\n\t\t\t\t\t\t\t\t\t<div class=\"elementor-button-wrapper\">\n\t\t\t\t\t<a class=\"elementor-button elementor-button-link elementor-size-md\" href=\"https:\/\/drive.google.com\/file\/d\/1wDvI1FTx6j5owpZvh61lUvhXGfJMumJT\/view?usp=share_link\">\n\t\t\t\t\t\t<span class=\"elementor-button-content-wrapper\">\n\t\t\t\t\t\t<span class=\"elementor-button-icon\">\n\t\t\t\t<i aria-hidden=\"true\" class=\"icon icon-internet\"><\/i>\t\t\t<\/span>\n\t\t\t\t\t\t\t\t\t<span class=\"elementor-button-text\">\u4e0b\u8f7d<\/span>\n\t\t\t\t\t<\/span>\n\t\t\t\t\t<\/a>\n\t\t\t\t<\/div>\n\t\t\t\t\t\t\t\t<\/div>\n\t\t\t\t<\/div>\n\t\t\t\t<\/div>\n\t\t\t\t\t<\/div>\n\t\t\t\t<\/div>\n\t\t\t\t\t<\/div>\n\t\t\t\t<\/div>\n\t\t\t\t\t<\/div>\n\t\t\t\t<\/div>\n\t\t\t\t<\/div>","protected":false},"excerpt":{"rendered":"<p>App Guidance App Guidance &#8211; EN Download App\u65b0\u624b\u6307\u5f15 (\u7b80) Download App\u65b0\u624b\u6307\u5c0e (\u7e41) Download App Guidage &#8211; FR Download App Orientierungshilfe &#8211; DE Download App Gu\u00eda &#8211; ES Download App Orienta\u00e7\u00e3o &#8211; PT Download App \u30ac\u30a4\u30c0\u30f3\u30b9 &#8211; JP Download App \uc548\ub0b4 &#8211; KR Download<\/p>","protected":false},"author":1,"featured_media":0,"parent":0,"menu_order":0,"comment_status":"closed","ping_status":"closed","template":"elementor_header_footer","meta":{"om_disable_all_campaigns":false,"_monsterinsights_skip_tracking":false,"_monsterinsights_sitenote_active":false,"_monsterinsights_sitenote_note":"","_monsterinsights_sitenote_category":0,"footnotes":""},"folder":[],"class_list":["post-2915","page","type-page","status-publish","hentry"],"blocksy_meta":{"styles_descriptor":{"styles":{"desktop":"","tablet":"","mobile":""},"google_fonts":[],"version":6}},"aioseo_notices":[],"_links":{"self":[{"href":"https:\/\/www.zeapon.com\/zh\/wp-json\/wp\/v2\/pages\/2915","targetHints":{"allow":["GET"]}}],"collection":[{"href":"https:\/\/www.zeapon.com\/zh\/wp-json\/wp\/v2\/pages"}],"about":[{"href":"https:\/\/www.zeapon.com\/zh\/wp-json\/wp\/v2\/types\/page"}],"author":[{"embeddable":true,"href":"https:\/\/www.zeapon.com\/zh\/wp-json\/wp\/v2\/users\/1"}],"replies":[{"embeddable":true,"href":"https:\/\/www.zeapon.com\/zh\/wp-json\/wp\/v2\/comments?post=2915"}],"version-history":[{"count":0,"href":"https:\/\/www.zeapon.com\/zh\/wp-json\/wp\/v2\/pages\/2915\/revisions"}],"wp:attachment":[{"href":"https:\/\/www.zeapon.com\/zh\/wp-json\/wp\/v2\/media?parent=2915"}],"wp:term":[{"taxonomy":"folder","embeddable":true,"href":"https:\/\/www.zeapon.com\/zh\/wp-json\/wp\/v2\/folder?post=2915"}],"curies":[{"name":"wp","href":"https:\/\/api.w.org\/{rel}","templated":true}]}}